{"id":540,"date":"2025-06-11T03:13:38","date_gmt":"2025-06-11T03:13:38","guid":{"rendered":"https:\/\/www.cambiasinsuranceagency.com\/?page_id=540"},"modified":"2025-06-20T20:24:55","modified_gmt":"2025-06-20T20:24:55","slug":"privacy-policy","status":"publish","type":"page","link":"https:\/\/www.cambiasinsuranceagency.com\/es\/privacy-policy\/","title":{"rendered":"Pol\u00edtica de privacidad"},"content":{"rendered":"<div data-elementor-type=\"wp-page\" data-elementor-id=\"540\" class=\"elementor elementor-540\" data-elementor-post-type=\"page\">\n\t\t\t\t\t\t<section class=\"elementor-section elementor-top-section elementor-element elementor-element-cfae5c5 elementor-section-boxed elementor-section-height-default elementor-section-height-default\" data-id=\"cfae5c5\" data-element_type=\"section\" data-e-type=\"section\">\n\t\t\t\t\t\t<div class=\"elementor-container elementor-column-gap-default\">\n\t\t\t\t\t<div class=\"elementor-column elementor-col-100 elementor-top-column elementor-element elementor-element-91b9a23\" data-id=\"91b9a23\" data-element_type=\"column\" data-e-type=\"column\">\n\t\t\t<div class=\"elementor-widget-wrap elementor-element-populated\">\n\t\t\t\t\t\t<div class=\"elementor-element elementor-element-ec11e1b elementor-widget elementor-widget-heading\" data-id=\"ec11e1b\" data-element_type=\"widget\" data-e-type=\"widget\" data-widget_type=\"heading.default\">\n\t\t\t\t<div class=\"elementor-widget-container\">\n\t\t\t\t\t<h2 class=\"elementor-heading-title elementor-size-default\">Pol\u00edtica de privacidad<\/h2>\t\t\t\t<\/div>\n\t\t\t\t<\/div>\n\t\t\t\t\t<\/div>\n\t\t<\/div>\n\t\t\t\t\t<\/div>\n\t\t<\/section>\n\t\t\t\t<section class=\"elementor-section elementor-top-section elementor-element elementor-element-76e58a7 elementor-section-boxed elementor-section-height-default elementor-section-height-default\" data-id=\"76e58a7\" data-element_type=\"section\" data-e-type=\"section\">\n\t\t\t\t\t\t<div class=\"elementor-container elementor-column-gap-default\">\n\t\t\t\t\t<div class=\"elementor-column elementor-col-100 elementor-top-column elementor-element elementor-element-06d5422\" data-id=\"06d5422\" data-element_type=\"column\" data-e-type=\"column\">\n\t\t\t<div class=\"elementor-widget-wrap elementor-element-populated\">\n\t\t\t\t\t\t<div class=\"elementor-element elementor-element-05e83bc elementor-widget elementor-widget-text-editor\" data-id=\"05e83bc\" data-element_type=\"widget\" data-e-type=\"widget\" data-widget_type=\"text-editor.default\">\n\t\t\t\t<div class=\"elementor-widget-container\">\n\t\t\t\t\t\t\t\t\t<p data-start=\"232\" data-end=\"484\">En Cambias Insurance Agency, nos comprometemos a proteger su informaci\u00f3n personal y a mantener su confianza. Esta Pol\u00edtica de Privacidad describe c\u00f3mo recopilamos, usamos y protegemos la informaci\u00f3n que usted proporciona al interactuar con nuestro sitio web o nuestros servicios.<\/p><h6 data-start=\"486\" data-end=\"516\"><strong data-start=\"490\" data-end=\"516\">Informaci\u00f3n que recopilamos<\/strong><\/h6><p data-start=\"517\" data-end=\"672\">Podemos recopilar informaci\u00f3n personal como su nombre, datos de contacto y otros datos relevantes necesarios para proporcionar cotizaciones de seguros y atenci\u00f3n al cliente.<\/p><h6 data-start=\"674\" data-end=\"700\"><strong data-start=\"678\" data-end=\"700\">Uso de la informaci\u00f3n<\/strong><\/h6><p data-start=\"701\" data-end=\"830\">Su informaci\u00f3n se utiliza \u00fanicamente para responder consultas, brindar servicios de seguros y mejorar su experiencia con nuestra agencia.<\/p><h6 data-start=\"832\" data-end=\"862\"><strong data-start=\"836\" data-end=\"862\">Intercambio de informaci\u00f3n<\/strong><\/h6><p data-start=\"863\" data-end=\"1022\">No vendemos su informaci\u00f3n personal. Los datos que compartimos se limitan a terceros de confianza y con el \u00fanico fin de ayudarle con los servicios que solicita.<\/p><h6 data-start=\"1024\" data-end=\"1039\"><strong data-start=\"1028\" data-end=\"1039\">Cookies<\/strong><\/h6><p data-start=\"1040\" data-end=\"1169\">Nuestro sitio web puede utilizar cookies para mejorar su experiencia de navegaci\u00f3n. Puede desactivarlas en la configuraci\u00f3n de su navegador.<\/p><h6 data-start=\"1171\" data-end=\"1190\"><strong data-start=\"1175\" data-end=\"1190\">Sus derechos<\/strong><\/h6><p data-start=\"1191\" data-end=\"1315\">Puede solicitar acceso o eliminaci\u00f3n de la informaci\u00f3n personal que tenemos sobre usted en cualquier momento comunic\u00e1ndose con nosotros directamente.<\/p><p style=\"caret-color: #000000; color: #000000;\" data-start=\"819\" data-end=\"880\">\ud83d\udcde + 1 504-888-8207<\/p>\t\t\t\t\t\t\t\t<\/div>\n\t\t\t\t<\/div>\n\t\t\t\t\t<\/div>\n\t\t<\/div>\n\t\t\t\t\t<\/div>\n\t\t<\/section>\n\t\t\t\t<\/div>","protected":false},"excerpt":{"rendered":"<p>Privacy Policy At Cambias Insurance Agency, we are committed to protecting your personal information and maintaining your trust. This Privacy Policy outlines how we collect, use, and safeguard the information you provide when interacting with our website or services. Information We Collect We may collect personal information such as your name, contact details, and other [&hellip;]<\/p>\n","protected":false},"author":4,"featured_media":0,"parent":0,"menu_order":0,"comment_status":"closed","ping_status":"closed","template":"","meta":{"_acf_changed":false,"footnotes":""},"class_list":["post-540","page","type-page","status-publish","hentry"],"acf":[],"_links":{"self":[{"href":"https:\/\/www.cambiasinsuranceagency.com\/es\/wp-json\/wp\/v2\/pages\/540","targetHints":{"allow":["GET"]}}],"collection":[{"href":"https:\/\/www.cambiasinsuranceagency.com\/es\/wp-json\/wp\/v2\/pages"}],"about":[{"href":"https:\/\/www.cambiasinsuranceagency.com\/es\/wp-json\/wp\/v2\/types\/page"}],"author":[{"embeddable":true,"href":"https:\/\/www.cambiasinsuranceagency.com\/es\/wp-json\/wp\/v2\/users\/4"}],"replies":[{"embeddable":true,"href":"https:\/\/www.cambiasinsuranceagency.com\/es\/wp-json\/wp\/v2\/comments?post=540"}],"version-history":[{"count":0,"href":"https:\/\/www.cambiasinsuranceagency.com\/es\/wp-json\/wp\/v2\/pages\/540\/revisions"}],"wp:attachment":[{"href":"https:\/\/www.cambiasinsuranceagency.com\/es\/wp-json\/wp\/v2\/media?parent=540"}],"curies":[{"name":"wp","href":"https:\/\/api.w.org\/{rel}","templated":true}]}}